{"id":559,"date":"2026-01-29T11:00:41","date_gmt":"2026-01-29T11:00:41","guid":{"rendered":"https:\/\/onemasterdistribution.com\/?page_id=559"},"modified":"2026-03-09T10:22:05","modified_gmt":"2026-03-09T10:22:05","slug":"modelul-one-master","status":"publish","type":"page","link":"https:\/\/onemasterdistribution.com\/ro\/the-one-master-model","title":{"rendered":"Modelul One Master\u2122"},"content":{"rendered":"<div class=\"wp-block-uagb-container uagb-block-9ed5e6d4 alignfull uagb-is-root-container\"><div class=\"uagb-container-inner-blocks-wrap\">\n<div class=\"wp-block-uagb-info-box uagb-block-bcfdc146 uagb-infobox__content-wrap  uagb-infobox-icon-above-title uagb-infobox-image-valign-top wp-block-uagb-info-box--has-margin\"><div class=\"uagb-infobox-margin-wrapper\"><div class=\"uagb-ifb-content\"><div class=\"uagb-ifb-title-wrap\"><h1 class=\"uagb-ifb-title\">MODELUL ONE MASTER\u2122<\/h1><\/div><div class=\"uagb-ifb-desc\">\n<p class=\"has-text-color has-link-color wp-elements-72ee1d9974b7cf51073615a3eccd1c5d\" style=\"color:#ecebff;padding-top:60px;padding-right:50px;padding-left:50px;font-size:19px\">G\u0103si\u021bi v\u00e2nz\u0103tori autoriza\u021bi de produse originale \u00een Europa Central\u0103 \u0219i de Est.<\/p>\n\n\n\n<p class=\"has-text-color has-link-color wp-elements-80257cf8b1d4e2e61dc704f824396891\" style=\"color:#ecebff;padding-top:20px;padding-right:50px;padding-left:50px;font-size:16px\">One Master Model\u2122 este un cadru de execu\u021bie regional\u0103 proprietar dezvoltat de One Master Distribution pentru a sprijini expansiunea m\u0103rcilor de cosmetice \u00een Europa Central\u0103 \u0219i de Est. Acesta integreaz\u0103 strategia de intrare pe pia\u021b\u0103, conformitatea, logistica, execu\u021bia cu am\u0103nuntul, marketingul \u0219i optimizarea datelor \u00een cadrul unei singure structuri opera\u021bionale.<\/p>\n<\/div><\/div><\/div><\/div>\n<\/div><\/div>\n\n\n\n<div class=\"wp-block-uagb-container uagb-block-c33bb2cc alignfull uagb-is-root-container\"><div class=\"uagb-container-inner-blocks-wrap\">\n<div class=\"wp-block-uagb-advanced-heading uagb-block-cccfe669\"><h2 class=\"uagb-heading-text\">Cum func\u021bioneaz\u0103 modelul<\/h2><\/div>\n\n\n\n<div class=\"wp-block-group is-layout-constrained wp-container-core-group-is-layout-8d73d8d6 wp-block-group-is-layout-constrained\" style=\"margin-top:-20px\">\n<p class=\"has-ast-global-color-2-color has-text-color has-link-color wp-elements-c3aff9f16698229911d98b554d37d9ee\" style=\"margin-top:0;margin-bottom:0;margin-left:0px;padding-right:0;font-size:16px\">One Master Model\u2122 integreaz\u0103 toate nivelurile opera\u021bionale necesare pentru lansarea, extinderea \u0219i protejarea m\u0103rcilor \u00een Rom\u00e2nia, Ungaria, Bulgaria, Republica Ceh\u0103, Slovacia, \u021a\u0103rile Baltice \u0219i pie\u021bele balcanice - sub o structur\u0103 centralizat\u0103.<\/p>\n<\/div>\n\n\n\n<div class=\"wp-block-columns is-layout-flex wp-container-core-columns-is-layout-dfe680cf wp-block-columns-is-layout-flex\" style=\"margin-top:0px;margin-bottom:0px;padding-top:30px;padding-right:40px;padding-bottom:40px;padding-left:40px\">\n<div class=\"wp-block-column is-layout-flow wp-block-column-is-layout-flow\" style=\"padding-top:15px;padding-bottom:0\">\n<h3 class=\"wp-block-heading has-text-align-left has-text-color has-link-color wp-elements-245e9c73e2c5af7fe8a637a782d24cba\" style=\"color:#fffffff0;margin-top:-80px;margin-bottom:-75px;font-size:80px\">1<\/h3>\n\n\n\n<div class=\"wp-block-uagb-container uagb-layout-flex uagb-block-4e1e2f27\">\n<p class=\"has-text-align-center has-text-color has-link-color wp-elements-246f31fff581ea2a0457a0bfc54622d3\" style=\"color:#fffffff0;font-size:18px;line-height:1.2\">Intrarea pe pia\u021b\u0103 \u0219i strategia de expansiune<\/p>\n<\/div>\n\n\n\n<p class=\"has-text-align-center has-ast-global-color-2-color has-text-color has-link-color uag-hide-tab uag-hide-mob wp-elements-b5f65744032365da723bfda29c286d3f\" style=\"font-size:16px\">Secven\u021bierea structurat\u0103 a pie\u021belor, priorit\u0103\u021bile canalelor \u0219i foaia de parcurs pentru extindere.<\/p>\n<\/div>\n\n\n\n<div class=\"wp-block-column is-layout-flow wp-block-column-is-layout-flow\" style=\"padding-top:15px;padding-bottom:0\">\n<h3 class=\"wp-block-heading has-text-align-left has-text-color has-link-color wp-elements-510a70edf703f2f59d87ea3af333c955\" style=\"color:#fffffff0;margin-top:-80px;margin-bottom:-75px;font-size:80px\">2<\/h3>\n\n\n\n<div class=\"wp-block-uagb-container uagb-layout-flex uagb-block-654b6b42\">\n<p class=\"has-text-align-center has-text-color has-link-color wp-elements-047a49dd3dc164a17cc57379509950fd\" style=\"color:#fffffff0;font-size:18px;line-height:1.2\">Managementul reglement\u0103rilor \u0219i al conformit\u0103\u021bii<\/p>\n<\/div>\n\n\n\n<p class=\"has-text-align-center has-ast-global-color-2-color has-text-color has-link-color uag-hide-tab uag-hide-mob wp-elements-e308b8d08e014322a6098c504fdfc985\" style=\"font-size:16px\">alinierea la reglement\u0103rile UE \u0219i locale, documenta\u021bia \u0219i controalele de conformitate.<\/p>\n<\/div>\n\n\n\n<div class=\"wp-block-column is-layout-flow wp-block-column-is-layout-flow\" style=\"padding-top:15px;padding-bottom:0\">\n<h3 class=\"wp-block-heading has-text-align-left has-text-color has-link-color wp-elements-19dfd93922c27be1a891d769e2e5a10c\" style=\"color:#fffffff0;margin-top:-80px;margin-bottom:-75px;font-size:80px\">3<\/h3>\n\n\n\n<div class=\"wp-block-uagb-container uagb-layout-flex uagb-block-7be32182\">\n<p class=\"has-text-align-center has-text-color has-link-color wp-elements-ab78034baa92149db7ededc3a4759551\" style=\"color:#fffffff0;font-size:18px;line-height:1.2\">Logistic\u0103 \u0219i etichetare regional\u0103 pentru Centrul CEE<\/p>\n<\/div>\n\n\n\n<p class=\"has-text-align-center has-ast-global-color-2-color has-text-color has-link-color uag-hide-tab uag-hide-mob wp-elements-57a493beeebbd72d6651f360210560ec\" style=\"font-size:16px\">Coordonare logistic\u0103 centralizat\u0103 cu opera\u021biuni de etichetare specifice fiec\u0103rei \u021b\u0103ri.<\/p>\n<\/div>\n\n\n\n<div class=\"wp-block-column is-layout-flow wp-block-column-is-layout-flow\" style=\"padding-top:15px;padding-bottom:0\">\n<h3 class=\"wp-block-heading has-text-align-left has-text-color has-link-color wp-elements-7a9e51946d4182a615cc2b33bc2ab308\" style=\"color:#fffffff0;margin-top:-80px;margin-bottom:-75px;font-size:80px\">4<\/h3>\n\n\n\n<div class=\"wp-block-uagb-container uagb-layout-flex uagb-block-6947a4e7\">\n<p class=\"has-text-align-center has-text-color has-link-color wp-elements-f334c368ec8e8ef89293ecc77fa96171\" style=\"color:#fffffff0;font-size:18px;line-height:1.2\">Controlul canalelor de v\u00e2nzare \u0219i distribu\u021bie<\/p>\n<\/div>\n\n\n\n<p class=\"has-text-align-center has-ast-global-color-2-color has-text-color has-link-color uag-hide-tab uag-hide-mob wp-elements-ed04100d976a85f15f1075e1c37fb70c\" style=\"font-size:16px\">Integrarea comercian\u021bilor cu am\u0103nuntul autoriza\u021bi, disciplina pre\u021burilor \u0219i guvernan\u021ba canalelor.<\/p>\n<\/div>\n\n\n\n<div class=\"wp-block-column is-layout-flow wp-block-column-is-layout-flow\" style=\"padding-top:15px;padding-bottom:0\">\n<h3 class=\"wp-block-heading has-text-align-left has-text-color has-link-color wp-elements-ebeabdb35857b2ad18843343a82f431e\" style=\"color:#fffffff0;margin-top:-80px;margin-bottom:-75px;font-size:80px\">5<\/h3>\n\n\n\n<div class=\"wp-block-uagb-container uagb-layout-flex uagb-block-ff049acd\">\n<p class=\"has-text-align-center has-text-color has-link-color wp-elements-cdda23cb59221752880968037a005668\" style=\"color:#fffffff0;font-size:18px;line-height:1.2\">Marketing, educa\u021bie \u0219i construirea brandului<\/p>\n<\/div>\n\n\n\n<p class=\"has-text-align-center has-ast-global-color-2-color has-text-color has-link-color uag-hide-tab uag-hide-mob wp-elements-1762e3c7d56999713ddc1233616a9c4e\" style=\"font-size:16px\">Educa\u021bie preg\u0103tit\u0103 pentru v\u00e2nzarea cu am\u0103nuntul \u0219i construirea brandului, adaptate local pentru fiecare pia\u021b\u0103.<\/p>\n<\/div>\n\n\n\n<div class=\"wp-block-column is-layout-flow wp-block-column-is-layout-flow\" style=\"padding-top:15px;padding-bottom:0px\">\n<h3 class=\"wp-block-heading has-text-align-left has-text-color has-link-color wp-elements-7eb40d133d7a145f6bdd0a7f472fb2e4\" style=\"color:#fffffff0;margin-top:-80px;margin-bottom:-75px;font-size:80px\">6<\/h3>\n\n\n\n<div class=\"wp-block-uagb-container uagb-layout-flex uagb-block-2552dbce\">\n<p class=\"has-text-align-center has-text-color has-link-color wp-elements-632f58f756bb08a66a92856bc52b770a\" style=\"color:#fffffff0;font-size:18px;line-height:1.2\">Date, raportare \u0219i optimizarea performan\u021bei<\/p>\n<\/div>\n\n\n\n<p class=\"has-text-align-center has-ast-global-color-2-color has-text-color has-link-color uag-hide-tab uag-hide-mob wp-elements-8516d7a9606885167216d3918dab58a0\" style=\"font-size:16px\">Raportare pe mai multe pie\u021be, urm\u0103rirea performan\u021bei \u0219i optimizarea buclelor de feedback.<\/p>\n<\/div>\n<\/div>\n<\/div><\/div>\n\n\n\n<div class=\"wp-block-uagb-container uagb-block-865c9c46 alignfull uagb-is-root-container\"><div class=\"uagb-container-inner-blocks-wrap\">\n<div class=\"wp-block-uagb-container uagb-layout-flex uagb-block-f89af166\">\n<div class=\"wp-block-uagb-advanced-heading uagb-block-e77da4df\"><h2 class=\"uagb-heading-text\">De ce conteaz\u0103 One Master Model\u2122<\/h2><\/div>\n<\/div>\n\n\n\n<div class=\"wp-block-uagb-container uagb-block-ca0421fd\">\n<p>One Master Model\u2122 a fost creat pentru a rezolva o provocare fundamental\u0103 \u00een Europa Central\u0103 \u0219i de Est:<br>cum s\u0103 dezvol\u021bi m\u0103rci interna\u021bionale \u00een mod consecvent, conform \u0219i la scar\u0103 larg\u0103 pe mai multe pie\u021be fragmentate.<\/p>\n\n\n\n<p>Prin integrarea tuturor func\u021biilor critice - de la intrarea pe pia\u021b\u0103 \u0219i conformitate la execu\u021bia cu am\u0103nuntul, marketing \u0219i date - \u00eentr-un cadru regional coordonat, OMD asigur\u0103:<\/p>\n\n\n\n<ul class=\"wp-block-list\">\n<li>claritate \u00een loc de fragmentare<\/li>\n\n\n\n<li>control \u00een loc de inconsecven\u021b\u0103<\/li>\n\n\n\n<li>capitalul de marc\u0103 pe termen lung \u00een locul volumului pe termen scurt<\/li>\n<\/ul>\n<\/div>\n<\/div><\/div>\n\n\n\n<hr class=\"wp-block-separator has-text-color has-alpha-channel-opacity has-background is-style-wide\" style=\"background-color:#4338ff;color:#4338ff\"\/>\n\n\n\n<div class=\"wp-block-uagb-container uagb-block-46c1b849 alignfull uagb-is-root-container\"><div class=\"uagb-container-inner-blocks-wrap\">\n<div class=\"wp-block-uagb-container uagb-layout-flex uagb-block-7d4b4cf7\">\n<div class=\"wp-block-uagb-advanced-heading uagb-block-dc756635\"><h2 class=\"uagb-heading-text\">Un model conceput pentru execu\u021bia \u00een lumea real\u0103<\/h2><\/div>\n<\/div>\n\n\n\n<div class=\"wp-block-uagb-container uagb-block-e175ba6a\">\n<p>One Master Model\u2122 nu este un cadru teoretic.<br>Este un sistem opera\u021bional aplicat zilnic pe toate pie\u021bele \u0219i parteneriatele OMD.<\/p>\n\n\n\n<p>Acest lucru permite m\u0103rcilor s\u0103:<\/p>\n\n\n\n<ul class=\"wp-block-list\">\n<li>reducerea complexit\u0103\u021bii opera\u021bionale<\/li>\n\n\n\n<li>accelerarea timpului de lansare pe pia\u021b\u0103<\/li>\n\n\n\n<li>men\u021binerea disciplinei \u00een materie de stabilire a pre\u021burilor \u0219i de pozi\u021bionare<\/li>\n\n\n\n<li>protejarea integrit\u0103\u021bii m\u0103rcii pe toate canalele \u0219i \u00een toate \u021b\u0103rile<\/li>\n<\/ul>\n<\/div>\n<\/div><\/div>\n\n\n\n<hr class=\"wp-block-separator has-text-color has-alpha-channel-opacity has-background is-style-wide\" style=\"background-color:#4338ff;color:#4338ff\"\/>\n\n\n\n<div class=\"wp-block-uagb-container uagb-block-bf61655c alignfull uagb-is-root-container\"><div class=\"uagb-container-inner-blocks-wrap\">\n<div class=\"wp-block-uagb-container uagb-layout-flex uagb-block-1a028584\">\n<div class=\"wp-block-uagb-advanced-heading uagb-block-11eb7136\"><h2 class=\"uagb-heading-text\">Un partener regional. O logic\u0103 de execu\u021bie. Pie\u021be multiple.<\/h2><\/div>\n<\/div>\n\n\n\n<div class=\"wp-block-uagb-container uagb-block-c32b5561\">\n<p>\u00cen loc s\u0103 gestioneze mai mul\u021bi distribuitori locali cu priorit\u0103\u021bi diferite, m\u0103rcile care lucreaz\u0103 cu OMD beneficiaz\u0103 de:<\/p>\n\n\n\n<ul class=\"wp-block-list\">\n<li>un singur punct regional de responsabilitate<\/li>\n\n\n\n<li>standarde unificate de execu\u021bie<\/li>\n\n\n\n<li>expertiz\u0103 pe pia\u021ba local\u0103 \u00een cadrul unei structuri centralizate<\/li>\n<\/ul>\n<\/div>\n<\/div><\/div>\n\n\n\n<hr class=\"wp-block-separator has-text-color has-alpha-channel-opacity has-background is-style-wide\" style=\"background-color:#4338ff;color:#4338ff\"\/>\n\n\n\n<div class=\"wp-block-uagb-container uagb-block-78edf305 alignfull uagb-is-root-container\"><div class=\"uagb-container-inner-blocks-wrap\">\n<div class=\"wp-block-uagb-container uagb-layout-flex uagb-block-1af27f92\">\n<div class=\"wp-block-uagb-advanced-heading uagb-block-0e0cb8b6\"><h2 class=\"uagb-heading-text\">Pentru cine este creat One Master Model\u2122<\/h2><\/div>\n<\/div>\n\n\n\n<div class=\"wp-block-uagb-container uagb-block-430d3967\">\n<p>One Master Model\u2122 este conceput pentru:<\/p>\n\n\n\n<ul class=\"wp-block-list\">\n<li>m\u0103rci interna\u021bionale de frumuse\u021be, dermo-cosmetice \u0219i \u00eengrijire personal\u0103<\/li>\n\n\n\n<li>m\u0103rci care doresc o extindere structurat\u0103 \u00een Europa Central\u0103 \u0219i de Est<\/li>\n\n\n\n<li>parteneri care prioritizeaz\u0103 siguran\u021ba m\u0103rcii, conformitatea \u0219i cre\u0219terea durabil\u0103<\/li>\n<\/ul>\n<\/div>\n<\/div><\/div>\n\n\n\n<div class=\"wp-block-uagb-container uagb-block-9a074e8b alignwide uagb-is-root-container\">\n<div class=\"wp-block-uagb-info-box uagb-block-f847f629 uagb-infobox__content-wrap  uagb-infobox-icon-above-title uagb-infobox-image-valign-top\"><div class=\"uagb-ifb-content\"><div class=\"uagb-ifb-title-wrap\"><span class=\"uagb-ifb-title-prefix\">\u00ceNCEPE\u021aI AST\u0102ZI<\/span><h2 class=\"uagb-ifb-title\">Explora\u021bi ce poate permite acest model<\/h2><\/div><p class=\"uagb-ifb-desc\">Dac\u0103 evalua\u021bi cum s\u0103 intra\u021bi sau s\u0103 v\u0103 extinde\u021bi \u00een Europa Central\u0103 \u0219i de Est, One Master Model\u2122 ofer\u0103 o alternativ\u0103 structurat\u0103 la abord\u0103rile tradi\u021bionale de distribu\u021bie.<\/p><\/div><\/div>\n\n\n\n<div class=\"wp-block-uagb-buttons uagb-buttons__outer-wrap uagb-btn__default-btn uagb-btn-tablet__default-btn uagb-btn-mobile__default-btn uagb-block-048232ad\"><div class=\"uagb-buttons__wrap uagb-buttons-layout-wrap\">\n<div class=\"wp-block-uagb-buttons-child uagb-buttons__outer-wrap uagb-block-c09976b5 wp-block-button\"><div class=\"uagb-button__wrapper\"><a class=\"uagb-buttons-repeater wp-block-button__link\" aria-label=\"\" href=\"https:\/\/onemasterdistribution.com\/ro\/verifica-magazinele-autorizate\/\" rel=\"follow noopener\" target=\"_self\" role=\"button\"><div class=\"uagb-button__link\">Explora\u021bi ecosistemul nostru de retail<\/div><\/a><\/div><\/div>\n\n\n\n<div class=\"wp-block-uagb-buttons-child uagb-buttons__outer-wrap uagb-block-9837d5a8 wp-block-button\"><div class=\"uagb-button__wrapper\"><a class=\"uagb-buttons-repeater wp-block-button__link\" aria-label=\"\" href=\"https:\/\/onemasterdistribution.com\/ro\/contact\/\" rel=\"follow noopener\" target=\"_self\" role=\"button\"><div class=\"uagb-button__link\">CONTACT<\/div><\/a><\/div><\/div>\n<\/div><\/div>\n<\/div>","protected":false},"excerpt":{"rendered":"<p>How the model works The One Master Model\u2122 integrates all operational layers required to launch, scale and protect brands across [&hellip;]<\/p>\n","protected":false},"author":1,"featured_media":0,"parent":0,"menu_order":0,"comment_status":"closed","ping_status":"closed","template":"","meta":{"_acf_changed":false,"_uag_custom_page_level_css":"","site-sidebar-layout":"default","site-content-layout":"","ast-site-content-layout":"default","site-content-style":"default","site-sidebar-style":"default","ast-global-header-display":"","ast-banner-title-visibility":"","ast-main-header-display":"","ast-hfb-above-header-display":"","ast-hfb-below-header-display":"","ast-hfb-mobile-header-display":"","site-post-title":"disabled","ast-breadcrumbs-content":"","ast-featured-img":"","footer-sml-layout":"","ast-disable-related-posts":"","theme-transparent-header-meta":"","adv-header-id-meta":"","stick-header-meta":"","header-above-stick-meta":"","header-main-stick-meta":"","header-below-stick-meta":"","astra-migrate-meta-layouts":"default","ast-page-background-enabled":"default","ast-page-background-meta":{"desktop":{"background-color":"var(--ast-global-color-4)","background-image":"","background-repeat":"repeat","background-position":"center center","background-size":"auto","background-attachment":"scroll","background-type":"","background-media":"","overlay-type":"","overlay-color":"","overlay-opacity":"","overlay-gradient":""},"tablet":{"background-color":"","background-image":"","background-repeat":"repeat","background-position":"center center","background-size":"auto","background-attachment":"scroll","background-type":"","background-media":"","overlay-type":"","overlay-color":"","overlay-opacity":"","overlay-gradient":""},"mobile":{"background-color":"","background-image":"","background-repeat":"repeat","background-position":"center center","background-size":"auto","background-attachment":"scroll","background-type":"","background-media":"","overlay-type":"","overlay-color":"","overlay-opacity":"","overlay-gradient":""}},"ast-content-background-meta":{"desktop":{"background-color":"var(--ast-global-color-5)","background-image":"","background-repeat":"repeat","background-position":"center center","background-size":"auto","background-attachment":"scroll","background-type":"","background-media":"","overlay-type":"","overlay-color":"","overlay-opacity":"","overlay-gradient":""},"tablet":{"background-color":"var(--ast-global-color-5)","background-image":"","background-repeat":"repeat","background-position":"center center","background-size":"auto","background-attachment":"scroll","background-type":"","background-media":"","overlay-type":"","overlay-color":"","overlay-opacity":"","overlay-gradient":""},"mobile":{"background-color":"var(--ast-global-color-5)","background-image":"","background-repeat":"repeat","background-position":"center center","background-size":"auto","background-attachment":"scroll","background-type":"","background-media":"","overlay-type":"","overlay-color":"","overlay-opacity":"","overlay-gradient":""}},"footnotes":""},"class_list":["post-559","page","type-page","status-publish","hentry"],"acf":[],"yoast_head":"<!-- This site is optimized with the Yoast SEO Premium plugin v27.4 (Yoast SEO v27.4) - https:\/\/yoast.com\/product\/yoast-seo-premium-wordpress\/ -->\n<title>One Master Model\u2122 | Beauty Brand Expansion CEE<\/title>\n<meta name=\"description\" content=\"Discover the One Master Model\u2122, a structured framework for beauty brand expansion in Central and Eastern Europe combining compliance, logistics and retail execution.\" \/>\n<meta name=\"robots\" content=\"index, follow, max-snippet:-1, max-image-preview:large, max-video-preview:-1\" \/>\n<link rel=\"canonical\" href=\"https:\/\/onemasterdistribution.com\/ro\/modelul-one-master\/\" \/>\n<meta property=\"og:locale\" content=\"ro_RO\" \/>\n<meta property=\"og:type\" content=\"article\" \/>\n<meta property=\"og:title\" content=\"The One Master Model\u2122 | Regional Beauty Distribution Framework\" \/>\n<meta property=\"og:description\" content=\"The One Master Model\u2122 is a structured regional framework used by One Master Distribution to scale beauty brands across Central &amp; Eastern Europe.\" \/>\n<meta property=\"og:url\" content=\"https:\/\/onemasterdistribution.com\/ro\/modelul-one-master\/\" \/>\n<meta property=\"og:site_name\" content=\"One Master Distribution\" \/>\n<meta property=\"article:modified_time\" content=\"2026-03-09T10:22:05+00:00\" \/>\n<meta property=\"og:image\" content=\"https:\/\/onemasterdistribution.com\/wp-content\/uploads\/2026\/02\/cropped-Onemasterdistribution-icon.jpg\" \/>\n\t<meta property=\"og:image:width\" content=\"512\" \/>\n\t<meta property=\"og:image:height\" content=\"512\" \/>\n\t<meta property=\"og:image:type\" content=\"image\/jpeg\" \/>\n<meta name=\"twitter:card\" content=\"summary_large_image\" \/>\n<meta name=\"twitter:title\" content=\"The One Master Model\u2122\" \/>\n<meta name=\"twitter:label1\" content=\"Timp estimat pentru citire\" \/>\n\t<meta name=\"twitter:data1\" content=\"2 minute\" \/>\n<!-- \/ Yoast SEO Premium plugin. -->","yoast_head_json":{"title":"One Master Model\u2122 | Extinderea m\u0103rcii de frumuse\u021be CEE","description":"Descoperi\u021bi One Master Model\u2122, un cadru structurat pentru extinderea brandurilor de frumuse\u021be \u00een Europa Central\u0103 \u0219i de Est, care combin\u0103 conformitatea, logistica \u0219i execu\u021bia cu am\u0103nuntul.","robots":{"index":"index","follow":"follow","max-snippet":"max-snippet:-1","max-image-preview":"max-image-preview:large","max-video-preview":"max-video-preview:-1"},"canonical":"https:\/\/onemasterdistribution.com\/ro\/modelul-one-master\/","og_locale":"ro_RO","og_type":"article","og_title":"The One Master Model\u2122 | Regional Beauty Distribution Framework","og_description":"The One Master Model\u2122 is a structured regional framework used by One Master Distribution to scale beauty brands across Central & Eastern Europe.","og_url":"https:\/\/onemasterdistribution.com\/ro\/modelul-one-master\/","og_site_name":"One Master Distribution","article_modified_time":"2026-03-09T10:22:05+00:00","og_image":[{"width":512,"height":512,"url":"https:\/\/onemasterdistribution.com\/wp-content\/uploads\/2026\/02\/cropped-Onemasterdistribution-icon.jpg","type":"image\/jpeg"}],"twitter_card":"summary_large_image","twitter_title":"The One Master Model\u2122","twitter_misc":{"Timp estimat pentru citire":"2 minute"},"schema":{"@context":"https:\/\/schema.org","@graph":[{"@type":"WebPage","@id":"https:\/\/onemasterdistribution.com\/the-one-master-model","url":"https:\/\/onemasterdistribution.com\/the-one-master-model","name":"One Master Model\u2122 | Extinderea m\u0103rcii de frumuse\u021be CEE","isPartOf":{"@id":"https:\/\/onemasterdistribution.com\/#website"},"datePublished":"2026-01-29T11:00:41+00:00","dateModified":"2026-03-09T10:22:05+00:00","description":"Descoperi\u021bi One Master Model\u2122, un cadru structurat pentru extinderea brandurilor de frumuse\u021be \u00een Europa Central\u0103 \u0219i de Est, care combin\u0103 conformitatea, logistica \u0219i execu\u021bia cu am\u0103nuntul.","breadcrumb":{"@id":"https:\/\/onemasterdistribution.com\/the-one-master-model#breadcrumb"},"inLanguage":"ro-RO","potentialAction":[{"@type":"ReadAction","target":["https:\/\/onemasterdistribution.com\/the-one-master-model"]}]},{"@type":"BreadcrumbList","@id":"https:\/\/onemasterdistribution.com\/the-one-master-model#breadcrumb","itemListElement":[{"@type":"ListItem","position":1,"name":"Home","item":"https:\/\/onemasterdistribution.com\/"},{"@type":"ListItem","position":2,"name":"The One Master Model\u2122"}]},{"@type":"WebSite","@id":"https:\/\/onemasterdistribution.com\/#website","url":"https:\/\/onemasterdistribution.com\/","name":"One Master Distribution","description":"Europa Central\u0103 \u0219i de Est (ECE), inclusiv Rom\u00e2nia, Ungaria, Bulgaria, Republica Ceh\u0103, Slovacia, \u021a\u0103rile Baltice (Estonia, Letonia, Lituania) \u0219i anumite pie\u021be din Balcani (Croa\u021bia, Slovenia, Albania, Serbia)","publisher":{"@id":"https:\/\/onemasterdistribution.com\/#organization"},"potentialAction":[{"@type":"SearchAction","target":{"@type":"EntryPoint","urlTemplate":"https:\/\/onemasterdistribution.com\/?s={search_term_string}"},"query-input":{"@type":"PropertyValueSpecification","valueRequired":true,"valueName":"search_term_string"}}],"inLanguage":"ro-RO"},{"@type":"Organization","@id":"https:\/\/onemasterdistribution.com\/#organization","name":"One Master Distribution","alternateName":"OMD","url":"https:\/\/onemasterdistribution.com\/","logo":{"@type":"ImageObject","inLanguage":"ro-RO","@id":"https:\/\/onemasterdistribution.com\/#\/schema\/logo\/image\/","url":"https:\/\/onemasterdistribution.com\/wp-content\/uploads\/2026\/02\/cropped-logo-onemd-png.png","contentUrl":"https:\/\/onemasterdistribution.com\/wp-content\/uploads\/2026\/02\/cropped-logo-onemd-png.png","width":760,"height":116,"caption":"One Master Distribution"},"image":{"@id":"https:\/\/onemasterdistribution.com\/#\/schema\/logo\/image\/"},"sameAs":["https:\/\/ro.linkedin.com\/company\/one-master-distribution"]}]}},"uagb_featured_image_src":{"full":false,"thumbnail":false,"medium":false,"medium_large":false,"large":false,"1536x1536":false,"2048x2048":false,"trp-custom-language-flag":false},"uagb_author_info":{"display_name":"OneMD","author_link":"https:\/\/onemasterdistribution.com\/ro\/author\/admin_site"},"uagb_comment_info":0,"uagb_excerpt":"How the model works The One Master Model\u2122 integrates all operational layers required to launch, scale and protect brands across [&hellip;]","_links":{"self":[{"href":"https:\/\/onemasterdistribution.com\/ro\/wp-json\/wp\/v2\/pages\/559","targetHints":{"allow":["GET"]}}],"collection":[{"href":"https:\/\/onemasterdistribution.com\/ro\/wp-json\/wp\/v2\/pages"}],"about":[{"href":"https:\/\/onemasterdistribution.com\/ro\/wp-json\/wp\/v2\/types\/page"}],"author":[{"embeddable":true,"href":"https:\/\/onemasterdistribution.com\/ro\/wp-json\/wp\/v2\/users\/1"}],"replies":[{"embeddable":true,"href":"https:\/\/onemasterdistribution.com\/ro\/wp-json\/wp\/v2\/comments?post=559"}],"version-history":[{"count":74,"href":"https:\/\/onemasterdistribution.com\/ro\/wp-json\/wp\/v2\/pages\/559\/revisions"}],"predecessor-version":[{"id":1974,"href":"https:\/\/onemasterdistribution.com\/ro\/wp-json\/wp\/v2\/pages\/559\/revisions\/1974"}],"wp:attachment":[{"href":"https:\/\/onemasterdistribution.com\/ro\/wp-json\/wp\/v2\/media?parent=559"}],"curies":[{"name":"wp","href":"https:\/\/api.w.org\/{rel}","templated":true}]}}