{"id":557,"date":"2026-01-29T10:55:59","date_gmt":"2026-01-29T10:55:59","guid":{"rendered":"https:\/\/onemasterdistribution.com\/?page_id=557"},"modified":"2026-02-27T13:01:43","modified_gmt":"2026-02-27T13:01:43","slug":"pentru-comercianti","status":"publish","type":"page","link":"https:\/\/onemasterdistribution.com\/ro\/for-retailers","title":{"rendered":"Pentru comercian\u021bii cu am\u0103nuntul"},"content":{"rendered":"<div class=\"wp-block-uagb-container uagb-block-bd61bd54 alignfull uagb-is-root-container\"><div class=\"uagb-container-inner-blocks-wrap\">\n<div class=\"wp-block-uagb-info-box uagb-block-bcfdc146 uagb-infobox__content-wrap  uagb-infobox-icon-above-title uagb-infobox-image-valign-top wp-block-uagb-info-box--has-margin\"><div class=\"uagb-infobox-margin-wrapper\"><div class=\"uagb-ifb-content\"><div class=\"uagb-ifb-title-wrap\"><h1 class=\"uagb-ifb-title\">Pentru comercian\u021bi<\/h1><\/div><div class=\"uagb-ifb-desc\">\n<p><\/p>\n<\/div><\/div><\/div><\/div>\n<\/div><\/div>\n\n\n\n<div class=\"wp-block-uagb-container uagb-block-5f024c0e alignfull uagb-is-root-container\"><div class=\"uagb-container-inner-blocks-wrap\">\n<div class=\"wp-block-uagb-container uagb-layout-flex uagb-block-b5230678\">\n<div class=\"wp-block-uagb-advanced-heading uagb-block-32240133\"><h2 class=\"uagb-heading-text\">Parteneriate oficiale de marc\u0103 pentru cre\u0219terea comer\u021bului cu am\u0103nuntul \u00een domeniul frumuse\u021bii \u0219i \u00eengrijirii personale<\/h2><\/div>\n<\/div>\n\n\n\n<div class=\"wp-block-uagb-container uagb-block-f1f300e1\">\n<div class=\"wp-block-uagb-info-box uagb-block-097c52f8 uagb-infobox__content-wrap  uagb-infobox-icon-above-title uagb-infobox-image-valign-top\"><div class=\"uagb-ifb-content\"><div class=\"uagb-ifb-title-wrap\"><\/div><p class=\"uagb-ifb-desc\">One Master Distribution colaboreaz\u0103 cu retaileri de top din Europa Central\u0103 \u0219i de Est pentru a crea categorii de produse de \u00eenfrumuse\u021bare \u0219i \u00eengrijire personal\u0103 conforme, profitabile \u0219i pe termen lung.<br><br>Lucr\u0103m cu comercian\u021bii cu am\u0103nuntul care apreciaz\u0103 produsele oficiale, execu\u021bia curat\u0103 \u0219i cre\u0219terea durabil\u0103, nu v\u00e2nzarea pe termen scurt sau distribu\u021bia necontrolat\u0103.<\/p><\/div><\/div>\n\n\n\n<div class=\"wp-block-uagb-buttons uagb-buttons__outer-wrap uagb-btn__default-btn uagb-btn-tablet__default-btn uagb-btn-mobile__default-btn uagb-block-1fd6374c btn-primary-figma\"><div class=\"uagb-buttons__wrap uagb-buttons-layout-wrap is-layout-flex\">\n<div class=\"wp-block-uagb-buttons-child uagb-buttons__outer-wrap uagb-block-e247a54e wp-block-button\"><div class=\"uagb-button__wrapper\"><a class=\"uagb-buttons-repeater wp-block-button__link\" aria-label=\"\" href=\"https:\/\/onemasterdistribution.com\/ro\/verifica-magazinele-autorizate\/\" rel=\"follow noopener\" target=\"_self\" role=\"button\"><div class=\"uagb-button__link\">verifica\u021bi comercian\u021bii autoriza\u021bi<\/div><\/a><\/div><\/div>\n<\/div><\/div>\n<\/div>\n<\/div><\/div>\n\n\n\n<hr class=\"wp-block-separator has-text-color has-alpha-channel-opacity has-background is-style-wide\" style=\"background-color:#4338ff;color:#4338ff\"\/>\n\n\n\n<div class=\"wp-block-uagb-container uagb-block-78edf305 alignfull uagb-is-root-container\"><div class=\"uagb-container-inner-blocks-wrap\">\n<div class=\"wp-block-uagb-container uagb-layout-flex uagb-block-f89af166\">\n<div class=\"wp-block-uagb-advanced-heading uagb-block-e77da4df\"><h2 class=\"uagb-heading-text\">De ce s\u0103 v\u0103 asocia\u021bi cu One Master Distribution<\/h2><\/div>\n<\/div>\n\n\n\n<div class=\"wp-block-uagb-container uagb-block-ca0421fd\">\n<div class=\"wp-block-uagb-info-box uagb-block-1ccbc561 uagb-infobox__content-wrap  uagb-infobox-icon-above-title uagb-infobox-image-valign-top\"><div class=\"uagb-ifb-content\"><div class=\"uagb-ifb-title-wrap\"><\/div><p class=\"uagb-ifb-desc\"><strong>OMD este mai mult dec\u00e2t un distribuitor.<\/strong><br>Ac\u021bion\u0103m ca un partener strategic de retail, sprijinind retailerii cu acces oficial la marc\u0103, marketing co-investit \u0219i infrastructura opera\u021bional\u0103 necesar\u0103 pentru performan\u021ba pe termen lung a categoriei.<\/p><\/div><\/div>\n<\/div>\n<\/div><\/div>\n\n\n\n<div class=\"wp-block-uagb-container uagb-block-c8a3d429 alignfull uagb-is-root-container\"><div class=\"uagb-container-inner-blocks-wrap\">\n<div class=\"wp-block-uagb-container uagb-layout-flex uagb-block-e5815a74\">\n<div class=\"wp-block-uagb-advanced-heading uagb-block-38accda1\"><h2 class=\"uagb-heading-text\">Ce c\u00e2\u0219tig\u0103 partenerii oficiali de retail<\/h2><\/div>\n<\/div>\n\n\n\n<div class=\"wp-block-uagb-container uagb-block-bf2074b2\">\n<div class=\"wp-block-uagb-advanced-heading uagb-block-5626f897\"><h2 class=\"uagb-heading-text\">Sortimente oficiale<\/h2><\/div>\n\n\n\n<ul style=\"padding-bottom:20px;font-size:16px\" class=\"wp-block-list\">\n<li>Acces la produse oficiale, aprobate de marc\u0103<\/li>\n\n\n\n<li>Lans\u0103ri specifice fiec\u0103rei \u021b\u0103ri \u0219i aloc\u0103ri prioritare<\/li>\n\n\n\n<li>Sortimente curate, aliniate la cererea consumatorilor locali<\/li>\n\n\n\n<li>Pre\u021buri stabile sus\u021binute de o distribu\u021bie controlat\u0103<\/li>\n<\/ul>\n\n\n\n<div class=\"wp-block-uagb-advanced-heading uagb-block-c442c4e5\"><h2 class=\"uagb-heading-text\">Sprijin pentru co-investi\u021bii \u0219i marketing<\/h2><\/div>\n\n\n\n<ul style=\"padding-bottom:20px\" class=\"wp-block-list\">\n<li>Co-investi\u021bii media \u00een comer\u021bul cu am\u0103nuntul cu parteneri de marc\u0103<\/li>\n\n\n\n<li>Participarea la campaniile anuale organizate de comercian\u021bii cu am\u0103nuntul<\/li>\n\n\n\n<li>Vizibilitate \u00een magazin, materiale POS \u0219i sprijin pentru merchandising<\/li>\n\n\n\n<li>Lans\u0103ri de produse, seturi exclusive \u0219i edi\u021bii limitate<\/li>\n<\/ul>\n\n\n\n<div class=\"wp-block-uagb-advanced-heading uagb-block-cabdd234\"><h2 class=\"uagb-heading-text\">Educa\u021bie \u0219i capacitate de v\u00e2nzare<\/h2><\/div>\n\n\n\n<ul style=\"padding-bottom:20px\" class=\"wp-block-list\">\n<li>Formare privind produsele pentru personalul din magazinele cu am\u0103nuntul<\/li>\n\n\n\n<li>Programe educa\u021bionale dermatologice \u0219i conduse de exper\u021bi<\/li>\n\n\n\n<li>Ingrediente \u0219i materiale educative de rutin\u0103<\/li>\n\n\n\n<li>Formate de formare online \u0219i offline<\/li>\n<\/ul>\n\n\n\n<div class=\"wp-block-uagb-advanced-heading uagb-block-10754ffe\"><h2 class=\"uagb-heading-text\">Tehnologie \u0219i infrastructur\u0103<\/h2><\/div>\n\n\n\n<ul class=\"wp-block-list\">\n<li>Fluxuri de produse \u0219i integr\u0103ri de sisteme f\u0103r\u0103 probleme<\/li>\n\n\n\n<li>Date exacte, conforme \u0219i actualizate privind produsele<\/li>\n\n\n\n<li>Conformitate cu reglement\u0103rile \u0219i sprijin pentru etichetarea local\u0103<\/li>\n\n\n\n<li>Perspective privind previziunile \u0219i coordonarea reaprovizion\u0103rii<\/li>\n<\/ul>\n<\/div>\n<\/div><\/div>\n\n\n\n<div class=\"wp-block-uagb-container uagb-block-95f10c82 alignfull uagb-is-root-container\"><div class=\"uagb-container-inner-blocks-wrap\">\n<div class=\"wp-block-uagb-container uagb-layout-flex uagb-block-4e0bc37a\">\n<div class=\"wp-block-uagb-advanced-heading uagb-block-198f96e3\"><h2 class=\"uagb-heading-text\">Canale de v\u00e2nzare cu am\u0103nuntul pe care le sus\u021binem<\/h2><\/div>\n<\/div>\n\n\n\n<div class=\"wp-block-uagb-container uagb-block-6e925607\">\n<p>OMD adapteaz\u0103 execu\u021bia pentru fiecare canal, asigur\u00e2nd relevan\u021ba \u0219i performan\u021ba.<\/p>\n\n\n\n<div class=\"wp-block-uagb-advanced-heading uagb-block-b45c1c54\"><h3 class=\"uagb-heading-text\">Canale de v\u00e2nzare cu am\u0103nuntul pe care le sus\u021binem<\/h3><\/div>\n\n\n\n<ul style=\"margin-bottom:20px\" class=\"wp-block-list\">\n<li>Farmacii \u0219i lan\u021buri de farmacii<\/li>\n\n\n\n<li>Retaileri de frumuse\u021be \u0219i de specialitate<\/li>\n\n\n\n<li>Comercian\u021bi cu am\u0103nuntul \u0219i pie\u021be online<\/li>\n<\/ul>\n\n\n\n<div class=\"wp-block-uagb-advanced-heading uagb-block-68d116fa\"><h3 class=\"uagb-heading-text\">Canale profesionale \u0219i alternative<\/h3><\/div>\n\n\n\n<ul class=\"wp-block-list\">\n<li>Clinici dermatologice \u0219i cabinete medicale<\/li>\n\n\n\n<li>Clinici de cosmetologie \u0219i profesioni\u0219ti licen\u021bia\u021bi<\/li>\n\n\n\n<li>Saloane de coafur\u0103 \u0219i \u00eenfrumuse\u021bare<\/li>\n\n\n\n<li>Duty-free \u0219i comer\u021b cu am\u0103nuntul pentru c\u0103l\u0103torii<\/li>\n\n\n\n<li>Comer\u021b cu am\u0103nuntul al carburan\u021bilor (re\u021bele de benzin\u0103rii)<\/li>\n\n\n\n<li>Supermarketuri, hipermarketuri \u0219i magazine de proximitate<\/li>\n<\/ul>\n<\/div>\n<\/div><\/div>\n\n\n\n<hr class=\"wp-block-separator has-text-color has-alpha-channel-opacity has-background is-style-wide\" style=\"background-color:#4338ff;color:#4338ff\"\/>\n\n\n\n<div class=\"wp-block-uagb-container uagb-block-522858a4 alignfull uagb-is-root-container\"><div class=\"uagb-container-inner-blocks-wrap\">\n<div class=\"wp-block-uagb-container uagb-layout-flex uagb-block-acc741fb\">\n<div class=\"wp-block-uagb-advanced-heading uagb-block-151f795b\"><h2 class=\"uagb-heading-text\">De ce conteaz\u0103 distribu\u021bia oficial\u0103<\/h2><\/div>\n<\/div>\n\n\n\n<div class=\"wp-block-uagb-container uagb-block-667b0d2c\">\n<p>Comercian\u021bii cu am\u0103nuntul se confrunt\u0103 cu riscuri din ce \u00een ce mai mari din cauza importurilor paralele, a produselor neconforme \u0219i a execu\u021biei inconsecvente a m\u0103rcii.<\/p>\n\n\n\n<p>Parteneriatul cu OMD asigur\u0103:<\/p>\n\n\n\n<ul style=\"margin-top:-10px\" class=\"wp-block-list\">\n<li>provenien\u021b\u0103 oficial\u0103 \u0219i trasabilitate<\/li>\n\n\n\n<li>etichetarea corect\u0103 \u00een limba local\u0103<\/li>\n\n\n\n<li>conformitatea cu toate cerin\u021bele de reglementare<\/li>\n\n\n\n<li>protec\u021bie \u00eempotriva expunerii pe pia\u021ba gri<\/li>\n<\/ul>\n<\/div>\n<\/div><\/div>\n\n\n\n<hr class=\"wp-block-separator has-text-color has-alpha-channel-opacity has-background is-style-wide\" style=\"background-color:#4338ff;color:#4338ff\"\/>\n\n\n\n<div class=\"wp-block-uagb-container uagb-block-52355a4c alignfull uagb-is-root-container\"><div class=\"uagb-container-inner-blocks-wrap\">\n<div class=\"wp-block-uagb-container uagb-layout-flex uagb-block-ad29c5bf\">\n<div class=\"wp-block-uagb-advanced-heading uagb-block-8d3a0663\"><h2 class=\"uagb-heading-text\">Retaileri oficiali verifica\u021bi<\/h2><\/div>\n<\/div>\n\n\n\n<div class=\"wp-block-uagb-container uagb-block-664432e9\">\n<div class=\"wp-block-uagb-advanced-heading uagb-block-7b829d8c\"><h2 class=\"uagb-heading-text\">Retaileri oficiali verifica\u021bi<\/h2><\/div>\n\n\n\n<p>OMD men\u021bine \u0219i actualizeaz\u0103 platformele m\u0103rcii oficiale care permit consumatorilor s\u0103 verifice comercian\u021bii cu am\u0103nuntul autoriza\u021bi \u00een func\u021bie de marc\u0103 \u0219i \u021bar\u0103.<\/p>\n\n\n\n<p>Fiind listat ca un <strong>partener oficial de v\u00e2nzare cu am\u0103nuntul:<\/strong><\/p>\n\n\n\n<ul style=\"margin-top:-10px;margin-bottom:20px\" class=\"wp-block-list\">\n<li>cre\u0219te \u00eencrederea consumatorilor<\/li>\n\n\n\n<li>conduce trafic calificat<\/li>\n\n\n\n<li>consolideaz\u0103 credibilitatea m\u0103rcii la punctul de v\u00e2nzare<\/li>\n<\/ul>\n\n\n\n<div class=\"wp-block-uagb-buttons uagb-buttons__outer-wrap uagb-btn__default-btn uagb-btn-tablet__default-btn uagb-btn-mobile__default-btn uagb-block-2c72567b btn-primary-figma\"><div class=\"uagb-buttons__wrap uagb-buttons-layout-wrap is-layout-flex\">\n<div class=\"wp-block-uagb-buttons-child uagb-buttons__outer-wrap uagb-block-8125fdae wp-block-button\"><div class=\"uagb-button__wrapper\"><a class=\"uagb-buttons-repeater wp-block-button__link\" aria-label=\"\" href=\"https:\/\/onemasterdistribution.com\/ro\/verifica-magazinele-autorizate\/\" rel=\"follow noopener\" target=\"_self\" role=\"button\"><div class=\"uagb-button__link\">Verificarea comercian\u021bilor oficiali \u00een func\u021bie de marc\u0103 \u0219i \u021bar\u0103<\/div><\/a><\/div><\/div>\n<\/div><\/div>\n<\/div>\n<\/div><\/div>\n\n\n\n<hr class=\"wp-block-separator has-text-color has-alpha-channel-opacity has-background is-style-wide\" style=\"background-color:#4338ff;color:#4338ff\"\/>\n\n\n\n<div class=\"wp-block-uagb-container uagb-block-70ddc4dd alignfull uagb-is-root-container\"><div class=\"uagb-container-inner-blocks-wrap\">\n<div class=\"wp-block-uagb-container uagb-layout-flex uagb-block-158cc093\">\n<div class=\"wp-block-uagb-advanced-heading uagb-block-789d3e38\"><h2 class=\"uagb-heading-text\">Impact dovedit \u00een comer\u021bul cu am\u0103nuntul<\/h2><\/div>\n<\/div>\n\n\n\n<div class=\"wp-block-uagb-container uagb-block-477a4680\">\n<p>Partenerii de retail care lucreaz\u0103 cu OMD beneficiaz\u0103 de:<\/p>\n\n\n\n<ul style=\"margin-top:-10px;margin-bottom:-10px\" class=\"wp-block-list\">\n<li>cre\u0219tere constant\u0103 a v\u00e2nz\u0103rilor \u00een timpul perioadelor de lansare<\/li>\n\n\n\n<li>rate mai mari de cump\u0103rare repetat\u0103<\/li>\n\n\n\n<li>cre\u0219terea credibilit\u0103\u021bii categoriei prin sus\u021binerea oficial\u0103 a m\u0103rcii<\/li>\n<\/ul>\n<\/div>\n<\/div><\/div>\n\n\n\n<hr class=\"wp-block-separator has-text-color has-alpha-channel-opacity has-background is-style-wide\" style=\"background-color:#4338ff;color:#4338ff\"\/>\n\n\n\n<div class=\"wp-block-uagb-container uagb-block-8d7c7202 alignfull uagb-is-root-container\"><div class=\"uagb-container-inner-blocks-wrap\">\n<div class=\"wp-block-uagb-container uagb-layout-flex uagb-block-32d70fdd\">\n<div class=\"wp-block-uagb-advanced-heading uagb-block-a7a6fb07\"><h2 class=\"uagb-heading-text\">Un parteneriat de retail pe termen lung<\/h2><\/div>\n<\/div>\n\n\n\n<div class=\"wp-block-uagb-container uagb-block-106a6609\">\n<p>OMD lucreaz\u0103 cu o re\u021bea selectat\u0103 de parteneri de retail pentru a asigura:<\/p>\n\n\n\n<ul style=\"margin-top:-10px\" class=\"wp-block-list\">\n<li>colaborare transparent\u0103<\/li>\n\n\n\n<li>obiective de cre\u0219tere aliniate<\/li>\n\n\n\n<li>execu\u021bie disciplinat\u0103 pe toate canalele<\/li>\n\n\n\n<li>stabilitatea pe termen lung a categoriei<\/li>\n<\/ul>\n\n\n\n<p>Cre\u0219tem categorii \u00eempreun\u0103 - \u00een mod responsabil \u0219i durabil.<\/p>\n<\/div>\n<\/div><\/div>\n\n\n\n<div class=\"wp-block-uagb-container uagb-block-9a074e8b alignwide uagb-is-root-container\">\n<div class=\"wp-block-uagb-info-box uagb-block-f847f629 uagb-infobox__content-wrap  uagb-infobox-icon-above-title uagb-infobox-image-valign-top\"><div class=\"uagb-ifb-content\"><div class=\"uagb-ifb-title-wrap\"><span class=\"uagb-ifb-title-prefix\">\u00ceNCEPE\u021aI AST\u0102ZI<\/span><h2 class=\"uagb-ifb-title\">Construim \u00eempreun\u0103 o cre\u0219tere oficial\u0103 \u0219i sustenabil\u0103<\/h2><\/div><p class=\"uagb-ifb-desc\">Dac\u0103 sunte\u021bi un retailer care dore\u0219te s\u0103 dezvolte categoriile de produse de \u00eenfrumuse\u021bare \u0219i \u00eengrijire personal\u0103 cu branduri oficiale \u0219i sprijin structurat, am fi bucuro\u0219i s\u0103 discut\u0103m despre un parteneriat.<\/p><\/div><\/div>\n\n\n\n<div class=\"wp-block-uagb-buttons uagb-buttons__outer-wrap uagb-btn__default-btn uagb-btn-tablet__default-btn uagb-btn-mobile__default-btn uagb-block-048232ad\"><div class=\"uagb-buttons__wrap uagb-buttons-layout-wrap\">\n<div class=\"wp-block-uagb-buttons-child uagb-buttons__outer-wrap uagb-block-c09976b5 wp-block-button\"><div class=\"uagb-button__wrapper\"><a class=\"uagb-buttons-repeater wp-block-button__link\" aria-label=\"\" href=\"https:\/\/onemasterdistribution.com\/ro\/contact\/\" rel=\"follow noopener\" target=\"_self\" role=\"button\"><div class=\"uagb-button__link\">CONTACT<\/div><\/a><\/div><\/div>\n<\/div><\/div>\n<\/div>","protected":false},"excerpt":{"rendered":"<p>Official Brand Partnerships for Beauty &amp; Personal Care Retail Growth Why Partner with One Master Distribution What Official Retail Partners [&hellip;]<\/p>\n","protected":false},"author":1,"featured_media":0,"parent":0,"menu_order":0,"comment_status":"closed","ping_status":"closed","template":"","meta":{"_acf_changed":false,"_uag_custom_page_level_css":"","site-sidebar-layout":"default","site-content-layout":"","ast-site-content-layout":"default","site-content-style":"default","site-sidebar-style":"default","ast-global-header-display":"","ast-banner-title-visibility":"","ast-main-header-display":"","ast-hfb-above-header-display":"","ast-hfb-below-header-display":"","ast-hfb-mobile-header-display":"","site-post-title":"disabled","ast-breadcrumbs-content":"","ast-featured-img":"","footer-sml-layout":"","ast-disable-related-posts":"","theme-transparent-header-meta":"","adv-header-id-meta":"","stick-header-meta":"","header-above-stick-meta":"","header-main-stick-meta":"","header-below-stick-meta":"","astra-migrate-meta-layouts":"default","ast-page-background-enabled":"default","ast-page-background-meta":{"desktop":{"background-color":"var(--ast-global-color-4)","background-image":"","background-repeat":"repeat","background-position":"center center","background-size":"auto","background-attachment":"scroll","background-type":"","background-media":"","overlay-type":"","overlay-color":"","overlay-opacity":"","overlay-gradient":""},"tablet":{"background-color":"","background-image":"","background-repeat":"repeat","background-position":"center center","background-size":"auto","background-attachment":"scroll","background-type":"","background-media":"","overlay-type":"","overlay-color":"","overlay-opacity":"","overlay-gradient":""},"mobile":{"background-color":"","background-image":"","background-repeat":"repeat","background-position":"center center","background-size":"auto","background-attachment":"scroll","background-type":"","background-media":"","overlay-type":"","overlay-color":"","overlay-opacity":"","overlay-gradient":""}},"ast-content-background-meta":{"desktop":{"background-color":"var(--ast-global-color-5)","background-image":"","background-repeat":"repeat","background-position":"center center","background-size":"auto","background-attachment":"scroll","background-type":"","background-media":"","overlay-type":"","overlay-color":"","overlay-opacity":"","overlay-gradient":""},"tablet":{"background-color":"var(--ast-global-color-5)","background-image":"","background-repeat":"repeat","background-position":"center center","background-size":"auto","background-attachment":"scroll","background-type":"","background-media":"","overlay-type":"","overlay-color":"","overlay-opacity":"","overlay-gradient":""},"mobile":{"background-color":"var(--ast-global-color-5)","background-image":"","background-repeat":"repeat","background-position":"center center","background-size":"auto","background-attachment":"scroll","background-type":"","background-media":"","overlay-type":"","overlay-color":"","overlay-opacity":"","overlay-gradient":""}},"footnotes":""},"class_list":["post-557","page","type-page","status-publish","hentry"],"acf":[],"yoast_head":"<!-- This site is optimized with the Yoast SEO Premium plugin v27.4 (Yoast SEO v27.4) - https:\/\/yoast.com\/product\/yoast-seo-premium-wordpress\/ -->\n<title>Official Beauty Distributor CEE | Retail Partnerships<\/title>\n<meta name=\"description\" content=\"Official beauty distributor in CEE supporting retailers with compliant assortments, brand partnerships and long-term category growth.\" \/>\n<meta name=\"robots\" content=\"index, follow, max-snippet:-1, max-image-preview:large, max-video-preview:-1\" \/>\n<link rel=\"canonical\" href=\"https:\/\/onemasterdistribution.com\/ro\/pentru-comercianti\/\" \/>\n<meta property=\"og:locale\" content=\"ro_RO\" \/>\n<meta property=\"og:type\" content=\"article\" \/>\n<meta property=\"og:title\" content=\"For Retailers\" \/>\n<meta property=\"og:description\" content=\"Official beauty distributor in CEE supporting retailers with compliant assortments, brand partnerships and long-term category growth.\" \/>\n<meta property=\"og:url\" content=\"https:\/\/onemasterdistribution.com\/ro\/pentru-comercianti\/\" \/>\n<meta property=\"og:site_name\" content=\"One Master Distribution\" \/>\n<meta property=\"article:modified_time\" content=\"2026-02-27T13:01:43+00:00\" \/>\n<meta name=\"twitter:card\" content=\"summary_large_image\" \/>\n<meta name=\"twitter:label1\" content=\"Timp estimat pentru citire\" \/>\n\t<meta name=\"twitter:data1\" content=\"2 minute\" \/>\n<!-- \/ Yoast SEO Premium plugin. -->","yoast_head_json":{"title":"Distribuitor oficial de cosmetice CEE | Parteneriate de retail","description":"Distribuitor oficial de produse de \u00eenfrumuse\u021bare \u00een ECE, care sprijin\u0103 comercian\u021bii cu am\u0103nuntul cu sortimente conforme, parteneriate de marc\u0103 \u0219i cre\u0219tere pe termen lung a categoriei.","robots":{"index":"index","follow":"follow","max-snippet":"max-snippet:-1","max-image-preview":"max-image-preview:large","max-video-preview":"max-video-preview:-1"},"canonical":"https:\/\/onemasterdistribution.com\/ro\/pentru-comercianti\/","og_locale":"ro_RO","og_type":"article","og_title":"For Retailers","og_description":"Official beauty distributor in CEE supporting retailers with compliant assortments, brand partnerships and long-term category growth.","og_url":"https:\/\/onemasterdistribution.com\/ro\/pentru-comercianti\/","og_site_name":"One Master Distribution","article_modified_time":"2026-02-27T13:01:43+00:00","twitter_card":"summary_large_image","twitter_misc":{"Timp estimat pentru citire":"2 minute"},"schema":{"@context":"https:\/\/schema.org","@graph":[{"@type":"WebPage","@id":"https:\/\/onemasterdistribution.com\/for-retailers","url":"https:\/\/onemasterdistribution.com\/for-retailers","name":"Distribuitor oficial de cosmetice CEE | Parteneriate de retail","isPartOf":{"@id":"https:\/\/onemasterdistribution.com\/#website"},"datePublished":"2026-01-29T10:55:59+00:00","dateModified":"2026-02-27T13:01:43+00:00","description":"Distribuitor oficial de produse de \u00eenfrumuse\u021bare \u00een ECE, care sprijin\u0103 comercian\u021bii cu am\u0103nuntul cu sortimente conforme, parteneriate de marc\u0103 \u0219i cre\u0219tere pe termen lung a categoriei.","breadcrumb":{"@id":"https:\/\/onemasterdistribution.com\/for-retailers#breadcrumb"},"inLanguage":"ro-RO","potentialAction":[{"@type":"ReadAction","target":["https:\/\/onemasterdistribution.com\/for-retailers"]}]},{"@type":"BreadcrumbList","@id":"https:\/\/onemasterdistribution.com\/for-retailers#breadcrumb","itemListElement":[{"@type":"ListItem","position":1,"name":"Home","item":"https:\/\/onemasterdistribution.com\/"},{"@type":"ListItem","position":2,"name":"For Retailers"}]},{"@type":"WebSite","@id":"https:\/\/onemasterdistribution.com\/#website","url":"https:\/\/onemasterdistribution.com\/","name":"One Master Distribution","description":"Europa Central\u0103 \u0219i de Est (ECE), inclusiv Rom\u00e2nia, Ungaria, Bulgaria, Republica Ceh\u0103, Slovacia, \u021a\u0103rile Baltice (Estonia, Letonia, Lituania) \u0219i anumite pie\u021be din Balcani (Croa\u021bia, Slovenia, Albania, Serbia)","publisher":{"@id":"https:\/\/onemasterdistribution.com\/#organization"},"potentialAction":[{"@type":"SearchAction","target":{"@type":"EntryPoint","urlTemplate":"https:\/\/onemasterdistribution.com\/?s={search_term_string}"},"query-input":{"@type":"PropertyValueSpecification","valueRequired":true,"valueName":"search_term_string"}}],"inLanguage":"ro-RO"},{"@type":"Organization","@id":"https:\/\/onemasterdistribution.com\/#organization","name":"One Master Distribution","alternateName":"OMD","url":"https:\/\/onemasterdistribution.com\/","logo":{"@type":"ImageObject","inLanguage":"ro-RO","@id":"https:\/\/onemasterdistribution.com\/#\/schema\/logo\/image\/","url":"https:\/\/onemasterdistribution.com\/wp-content\/uploads\/2026\/02\/cropped-logo-onemd-png.png","contentUrl":"https:\/\/onemasterdistribution.com\/wp-content\/uploads\/2026\/02\/cropped-logo-onemd-png.png","width":760,"height":116,"caption":"One Master Distribution"},"image":{"@id":"https:\/\/onemasterdistribution.com\/#\/schema\/logo\/image\/"},"sameAs":["https:\/\/ro.linkedin.com\/company\/one-master-distribution"]}]}},"uagb_featured_image_src":{"full":false,"thumbnail":false,"medium":false,"medium_large":false,"large":false,"1536x1536":false,"2048x2048":false,"trp-custom-language-flag":false},"uagb_author_info":{"display_name":"OneMD","author_link":"https:\/\/onemasterdistribution.com\/ro\/author\/admin_site"},"uagb_comment_info":0,"uagb_excerpt":"Official Brand Partnerships for Beauty &amp; Personal Care Retail Growth Why Partner with One Master Distribution What Official Retail Partners [&hellip;]","_links":{"self":[{"href":"https:\/\/onemasterdistribution.com\/ro\/wp-json\/wp\/v2\/pages\/557","targetHints":{"allow":["GET"]}}],"collection":[{"href":"https:\/\/onemasterdistribution.com\/ro\/wp-json\/wp\/v2\/pages"}],"about":[{"href":"https:\/\/onemasterdistribution.com\/ro\/wp-json\/wp\/v2\/types\/page"}],"author":[{"embeddable":true,"href":"https:\/\/onemasterdistribution.com\/ro\/wp-json\/wp\/v2\/users\/1"}],"replies":[{"embeddable":true,"href":"https:\/\/onemasterdistribution.com\/ro\/wp-json\/wp\/v2\/comments?post=557"}],"version-history":[{"count":58,"href":"https:\/\/onemasterdistribution.com\/ro\/wp-json\/wp\/v2\/pages\/557\/revisions"}],"predecessor-version":[{"id":1895,"href":"https:\/\/onemasterdistribution.com\/ro\/wp-json\/wp\/v2\/pages\/557\/revisions\/1895"}],"wp:attachment":[{"href":"https:\/\/onemasterdistribution.com\/ro\/wp-json\/wp\/v2\/media?parent=557"}],"curies":[{"name":"wp","href":"https:\/\/api.w.org\/{rel}","templated":true}]}}