{"id":37,"date":"2026-01-29T09:50:24","date_gmt":"2026-01-29T09:50:24","guid":{"rendered":"https:\/\/onemasterdistribution.com\/contact\/"},"modified":"2026-03-09T10:16:22","modified_gmt":"2026-03-09T10:16:22","slug":"contact","status":"publish","type":"page","link":"https:\/\/onemasterdistribution.com\/ro\/contact","title":{"rendered":"Persoan\u0103 de contact"},"content":{"rendered":"<div class=\"wp-block-uagb-container uagb-block-9ed5e6d4 alignfull uagb-is-root-container\"><div class=\"uagb-container-inner-blocks-wrap\">\n<div class=\"wp-block-uagb-info-box uagb-block-bcfdc146 uagb-infobox__content-wrap  uagb-infobox-icon-above-title uagb-infobox-image-valign-top\"><div class=\"uagb-ifb-content\"><div class=\"uagb-ifb-title-wrap\"><h1 class=\"uagb-ifb-title\">S\u0103 discut\u0103m despre cre\u0219terea structurat\u0103 \u00een Europa Central\u0103 \u0219i de Est.<\/h1><\/div><div class=\"uagb-ifb-desc\">\n<p style=\"padding-top:20px\">One Master Distribution colaboreaz\u0103 cu branduri interna\u021bionale, parteneri oficiali de retail \u0219i p\u0103r\u021bi interesate strategice din sectorul frumuse\u021bii, dermo-cosmetic \u0219i al \u00eengrijirii personale. Dac\u0103 dori\u021bi s\u0103 explora\u021bi un parteneriat structurat, conform \u0219i pe termen lung, echipa noastr\u0103 va fi \u00eenc\u00e2ntat\u0103 s\u0103 v\u0103 contacteze.<\/p>\n<\/div><\/div><\/div>\n<\/div><\/div>\n\n\n\n<div class=\"wp-block-uagb-container uagb-block-e2bf880e alignfull uagb-is-root-container\"><div class=\"uagb-container-inner-blocks-wrap\">\n<div class=\"wp-block-uagb-info-box uagb-block-858ba6ae uagb-infobox__content-wrap  uagb-infobox-icon-above-title uagb-infobox-image-valign-top\"><div class=\"uagb-ifb-content\"><div class=\"uagb-ifb-title-wrap\"><span class=\"uagb-ifb-title-prefix\">Suntem aici pentru<\/span><\/div><\/div><\/div>\n\n\n\n<div class=\"wp-block-uagb-container uagb-block-248afbf3\">\n<div class=\"wp-block-uagb-container uagb-block-053fe374\">\n<div class=\"wp-block-uagb-info-box uagb-block-d5002a17 uagb-infobox__content-wrap  uagb-infobox-icon-above-title uagb-infobox-image-valign-top\"><div class=\"uagb-ifb-content\"><div class=\"uagb-ifb-title-wrap\"><h3 class=\"uagb-ifb-title\">Branduri interna\u021bionale<\/h3><\/div><p class=\"uagb-ifb-desc\">Dac\u0103 sunte\u021bi:<br>- explorarea intr\u0103rii pe pia\u021b\u0103 \u00een CEE<br>- \u00een c\u0103utarea unui partener regional de execu\u021bie<br>- c\u0103utarea unui control mai bun asupra distribu\u021biei, pre\u021burilor \u0219i capitalului de marc\u0103<\/p><\/div><\/div>\n<\/div>\n\n\n\n<div class=\"wp-block-uagb-container uagb-block-2e858dba\">\n<div class=\"wp-block-uagb-info-box uagb-block-1890889a uagb-infobox__content-wrap  uagb-infobox-icon-above-title uagb-infobox-image-valign-top\"><div class=\"uagb-ifb-content\"><div class=\"uagb-ifb-title-wrap\"><h3 class=\"uagb-ifb-title\">Parteneri de retail<\/h3><\/div><p class=\"uagb-ifb-desc\">Dac\u0103 sunte\u021bi:<br>- o farmacie, un comerciant cu am\u0103nuntul sau un canal profesional<br>- interesa\u021bi de parteneriate oficiale de marc\u0103<br>- caut\u0103 s\u0103 dezvolte durabil categoriile de produse de \u00eenfrumuse\u021bare \u0219i \u00eengrijire personal\u0103<\/p><\/div><\/div>\n<\/div>\n\n\n\n<div class=\"wp-block-uagb-container uagb-block-02e8e841\">\n<div class=\"wp-block-uagb-info-box uagb-block-56009c40 uagb-infobox__content-wrap  uagb-infobox-icon-above-title uagb-infobox-image-valign-top\"><div class=\"uagb-ifb-content\"><div class=\"uagb-ifb-title-wrap\"><h3 class=\"uagb-ifb-title\">Consumatori<\/h3><\/div><p class=\"uagb-ifb-desc\">Dac\u0103 ave\u021bi \u00eentreb\u0103ri legate de:<br>- comercian\u021bi cu am\u0103nuntul oficiali<br>- autenticitatea produsului<br>- importuri paralele sau produse neconforme<\/p><\/div><\/div>\n<\/div>\n<\/div>\n<\/div><\/div>\n\n\n\n<hr class=\"wp-block-separator has-text-color has-alpha-channel-opacity has-background is-style-wide\" style=\"background-color:#4338ff;color:#4338ff\"\/>\n\n\n\n<div class=\"wp-block-uagb-container uagb-block-72867289 alignfull uagb-is-root-container\"><div class=\"uagb-container-inner-blocks-wrap\">\n<div class=\"wp-block-uagb-advanced-heading uagb-block-83134b0f\"><h2 class=\"uagb-heading-text\">Contacteaz\u0103-ne<\/h2><\/div>\n\n\n\n<div class=\"wp-block-uagb-container uagb-block-5504678b alignfull uagb-is-root-container\"><div class=\"uagb-container-inner-blocks-wrap\">\n<div class=\"wp-block-uagb-container uagb-block-251cd539\">\n<div class=\"wp-block-uagb-info-box uagb-block-4bbc11b0 uagb-infobox__content-wrap  uagb-infobox-icon-above-title uagb-infobox-image-valign-top\"><div class=\"uagb-ifb-content\"><div class=\"uagb-ifb-title-wrap\"><p class=\"uagb-ifb-title\">Site web<\/p><\/div><p class=\"uagb-ifb-desc\"><a href=\"https:\/\/onemasterdistribution.com\/ro\/\">www.onemasterdistribution.com<\/a><\/p><\/div><\/div>\n<\/div>\n\n\n\n<div class=\"wp-block-uagb-container uagb-layout-flex uagb-block-ebef70d3\">\n<div class=\"wp-block-uagb-info-box uagb-block-da07b720 uagb-infobox__content-wrap  uagb-infobox-icon-above-title uagb-infobox-image-valign-top\"><div class=\"uagb-ifb-content\"><div class=\"uagb-ifb-title-wrap\"><p class=\"uagb-ifb-title\">E-mail<\/p><\/div><p class=\"uagb-ifb-desc\"><a href=\"mailto:contact@onemasterdistribution.com\">contact@onemasterdistribution.com<\/a><\/p><\/div><\/div>\n<\/div>\n\n\n\n<div class=\"wp-block-uagb-container uagb-block-5c0bd371\">\n<div class=\"wp-block-uagb-info-box uagb-block-e7f06968 uagb-infobox__content-wrap  uagb-infobox-icon-above-title uagb-infobox-image-valign-top\"><div class=\"uagb-ifb-content\"><div class=\"uagb-ifb-title-wrap\"><p class=\"uagb-ifb-title\">Social Media<\/p><\/div><\/div><\/div>\n\n\n\n<div class=\"wp-block-uagb-icon-list uagb-block-64139ed7\"><div class=\"uagb-icon-list__wrap\">\n<div class=\"wp-block-uagb-icon-list-child uagb-block-e8e66f77\"><a target=\"_blank\" aria-label=\"Element de list\u0103\" rel=\"noopener noreferrer\" href=\"https:\/\/ro.linkedin.com\/company\/one-master-distribution\"> <\/a><span class=\"uagb-icon-list__source-wrap\"><svg xmlns=\"https:\/\/www.w3.org\/2000\/svg\" viewbox=\"0 0 448 512\"><path d=\"M416 32H31.9C14.3 32 0 46.5 0 64.3v383.4C0 465.5 14.3 480 31.9 480H416c17.6 0 32-14.5 32-32.3V64.3c0-17.8-14.4-32.3-32-32.3zM135.4 416H69V202.2h66.5V416zm-33.2-243c-21.3 0-38.5-17.3-38.5-38.5S80.9 96 102.2 96c21.2 0 38.5 17.3 38.5 38.5 0 21.3-17.2 38.5-38.5 38.5zm282.1 243h-66.4V312c0-24.8-.5-56.7-34.5-56.7-34.6 0-39.9 27-39.9 54.9V416h-66.4V202.2h63.7v29.2h.9c8.9-16.8 30.6-34.5 62.9-34.5 67.2 0 79.7 44.3 79.7 101.9V416z\"><\/path><\/svg><\/span><\/div>\n<\/div><\/div>\n<\/div>\n<\/div><\/div>\n\n\n\n<div class=\"wp-block-group is-vertical is-layout-flex wp-container-core-group-is-layout-68766654 wp-block-group-is-layout-flex\" style=\"min-height:0px;padding-top:0;padding-bottom:0\">\n<p class=\"has-text-color has-link-color wp-elements-34bc2a58c75aabacaf07ee99df2efcfa\" style=\"color:#817aff;font-size:15px\"><strong>Not\u0103 important\u0103<\/strong><\/p>\n\n\n\n<p class=\"has-text-color has-link-color wp-elements-97ac55e9ec559b1a147fa332b3a8ca56\" style=\"color:#817aff;font-size:14px\">Sunt definite disponibilitatea m\u0103rcilor, modelele de distribu\u021bie \u0219i structurile de parteneriat <strong>pe pia\u021b\u0103 \u0219i pe canal.<\/strong><br>Un Master Distribution func\u021bioneaz\u0103 cu un <strong>re\u021bea selectat\u0103 de parteneri<\/strong> pentru a asigura siguran\u021ba m\u0103rcii, conformitatea \u0219i cre\u0219terea pe termen lung.<\/p>\n\n\n\n<p class=\"has-text-color has-link-color wp-elements-1c0621da4dcd2a11b32679a57b9f17c1\" style=\"color:#817aff;font-size:14px\">Ne propunem s\u0103 r\u0103spundem tuturor solicit\u0103rilor relevante c\u00e2t mai rapid posibil.<\/p>\n<\/div>\n<\/div><\/div>\n\n\n\n<hr class=\"wp-block-separator has-text-color has-alpha-channel-opacity has-background is-style-wide\" style=\"background-color:#4338ff;color:#4338ff\"\/>","protected":false},"excerpt":{"rendered":"<p>Get in Touch Important note Brand availability, distribution models and partnership structures are defined per market and per channel.One Master [&hellip;]<\/p>\n","protected":false},"author":1,"featured_media":0,"parent":0,"menu_order":0,"comment_status":"closed","ping_status":"closed","template":"","meta":{"_acf_changed":false,"_uag_custom_page_level_css":"","site-sidebar-layout":"default","site-content-layout":"","ast-site-content-layout":"default","site-content-style":"default","site-sidebar-style":"default","ast-global-header-display":"","ast-banner-title-visibility":"","ast-main-header-display":"","ast-hfb-above-header-display":"","ast-hfb-below-header-display":"","ast-hfb-mobile-header-display":"","site-post-title":"disabled","ast-breadcrumbs-content":"","ast-featured-img":"","footer-sml-layout":"","ast-disable-related-posts":"","theme-transparent-header-meta":"enabled","adv-header-id-meta":"","stick-header-meta":"","header-above-stick-meta":"","header-main-stick-meta":"","header-below-stick-meta":"","astra-migrate-meta-layouts":"default","ast-page-background-enabled":"default","ast-page-background-meta":{"desktop":{"background-color":"var(--ast-global-color-4)","background-image":"","background-repeat":"repeat","background-position":"center center","background-size":"auto","background-attachment":"scroll","background-type":"","background-media":"","overlay-type":"","overlay-color":"","overlay-opacity":"","overlay-gradient":""},"tablet":{"background-color":"","background-image":"","background-repeat":"repeat","background-position":"center center","background-size":"auto","background-attachment":"scroll","background-type":"","background-media":"","overlay-type":"","overlay-color":"","overlay-opacity":"","overlay-gradient":""},"mobile":{"background-color":"","background-image":"","background-repeat":"repeat","background-position":"center center","background-size":"auto","background-attachment":"scroll","background-type":"","background-media":"","overlay-type":"","overlay-color":"","overlay-opacity":"","overlay-gradient":""}},"ast-content-background-meta":{"desktop":{"background-color":"var(--ast-global-color-5)","background-image":"","background-repeat":"repeat","background-position":"center center","background-size":"auto","background-attachment":"scroll","background-type":"","background-media":"","overlay-type":"","overlay-color":"","overlay-opacity":"","overlay-gradient":""},"tablet":{"background-color":"var(--ast-global-color-5)","background-image":"","background-repeat":"repeat","background-position":"center center","background-size":"auto","background-attachment":"scroll","background-type":"","background-media":"","overlay-type":"","overlay-color":"","overlay-opacity":"","overlay-gradient":""},"mobile":{"background-color":"var(--ast-global-color-5)","background-image":"","background-repeat":"repeat","background-position":"center center","background-size":"auto","background-attachment":"scroll","background-type":"","background-media":"","overlay-type":"","overlay-color":"","overlay-opacity":"","overlay-gradient":""}},"footnotes":""},"class_list":["post-37","page","type-page","status-publish","hentry"],"acf":[],"yoast_head":"<!-- This site is optimized with the Yoast SEO Premium plugin v27.4 (Yoast SEO v27.4) - https:\/\/yoast.com\/product\/yoast-seo-premium-wordpress\/ -->\n<title>Contact Beauty Distributor CEE | One Master Distribution<\/title>\n<meta name=\"description\" content=\"Contact One Master Distribution for beauty distribution partnerships in Central and Eastern Europe. Reach our team for brand, retail or consumer inquiries.\" \/>\n<meta name=\"robots\" content=\"index, follow, max-snippet:-1, max-image-preview:large, max-video-preview:-1\" \/>\n<link rel=\"canonical\" href=\"https:\/\/onemasterdistribution.com\/ro\/contact\/\" \/>\n<meta property=\"og:locale\" content=\"ro_RO\" \/>\n<meta property=\"og:type\" content=\"article\" \/>\n<meta property=\"og:title\" content=\"Contact One Master Distribution | CEE Beauty Distribution\" \/>\n<meta property=\"og:description\" content=\"Connect with One Master Distribution to discuss beauty brand expansion, retail partnerships and official distribution across Central &amp; Eastern Europe.\" \/>\n<meta property=\"og:url\" content=\"https:\/\/onemasterdistribution.com\/ro\/contact\/\" \/>\n<meta property=\"og:site_name\" content=\"One Master Distribution\" \/>\n<meta property=\"article:modified_time\" content=\"2026-03-09T10:16:22+00:00\" \/>\n<meta property=\"og:image\" content=\"https:\/\/onemasterdistribution.com\/wp-content\/uploads\/2026\/02\/cropped-Onemasterdistribution-icon.jpg\" \/>\n\t<meta property=\"og:image:width\" content=\"512\" \/>\n\t<meta property=\"og:image:height\" content=\"512\" \/>\n\t<meta property=\"og:image:type\" content=\"image\/jpeg\" \/>\n<meta name=\"twitter:card\" content=\"summary_large_image\" \/>\n<meta name=\"twitter:title\" content=\"Contact\" \/>\n<meta name=\"twitter:label1\" content=\"Timp estimat pentru citire\" \/>\n\t<meta name=\"twitter:data1\" content=\"1 minut\" \/>\n<!-- \/ Yoast SEO Premium plugin. -->","yoast_head_json":{"title":"Contact Beauty Distributor CEE | One Master Distribution","description":"Contacta\u021bi One Master Distribution pentru parteneriate de distribu\u021bie \u00een domeniul frumuse\u021bii \u00een Europa Central\u0103 \u0219i de Est. Contacta\u021bi echipa noastr\u0103 pentru \u00eentreb\u0103ri legate de m\u0103rci, retail sau consumatori.","robots":{"index":"index","follow":"follow","max-snippet":"max-snippet:-1","max-image-preview":"max-image-preview:large","max-video-preview":"max-video-preview:-1"},"canonical":"https:\/\/onemasterdistribution.com\/ro\/contact\/","og_locale":"ro_RO","og_type":"article","og_title":"Contact One Master Distribution | CEE Beauty Distribution","og_description":"Connect with One Master Distribution to discuss beauty brand expansion, retail partnerships and official distribution across Central & Eastern Europe.","og_url":"https:\/\/onemasterdistribution.com\/ro\/contact\/","og_site_name":"One Master Distribution","article_modified_time":"2026-03-09T10:16:22+00:00","og_image":[{"width":512,"height":512,"url":"https:\/\/onemasterdistribution.com\/wp-content\/uploads\/2026\/02\/cropped-Onemasterdistribution-icon.jpg","type":"image\/jpeg"}],"twitter_card":"summary_large_image","twitter_title":"Contact","twitter_misc":{"Timp estimat pentru citire":"1 minut"},"schema":{"@context":"https:\/\/schema.org","@graph":[{"@type":"WebPage","@id":"https:\/\/onemasterdistribution.com\/contact","url":"https:\/\/onemasterdistribution.com\/contact","name":"Contact Beauty Distributor CEE | One Master Distribution","isPartOf":{"@id":"https:\/\/onemasterdistribution.com\/#website"},"datePublished":"2026-01-29T09:50:24+00:00","dateModified":"2026-03-09T10:16:22+00:00","description":"Contacta\u021bi One Master Distribution pentru parteneriate de distribu\u021bie \u00een domeniul frumuse\u021bii \u00een Europa Central\u0103 \u0219i de Est. Contacta\u021bi echipa noastr\u0103 pentru \u00eentreb\u0103ri legate de m\u0103rci, retail sau consumatori.","breadcrumb":{"@id":"https:\/\/onemasterdistribution.com\/contact#breadcrumb"},"inLanguage":"ro-RO","potentialAction":[{"@type":"ReadAction","target":["https:\/\/onemasterdistribution.com\/contact"]}]},{"@type":"BreadcrumbList","@id":"https:\/\/onemasterdistribution.com\/contact#breadcrumb","itemListElement":[{"@type":"ListItem","position":1,"name":"Home","item":"https:\/\/onemasterdistribution.com\/"},{"@type":"ListItem","position":2,"name":"Contact"}]},{"@type":"WebSite","@id":"https:\/\/onemasterdistribution.com\/#website","url":"https:\/\/onemasterdistribution.com\/","name":"One Master Distribution","description":"Europa Central\u0103 \u0219i de Est (ECE), inclusiv Rom\u00e2nia, Ungaria, Bulgaria, Republica Ceh\u0103, Slovacia, \u021a\u0103rile Baltice (Estonia, Letonia, Lituania) \u0219i anumite pie\u021be din Balcani (Croa\u021bia, Slovenia, Albania, Serbia)","publisher":{"@id":"https:\/\/onemasterdistribution.com\/#organization"},"potentialAction":[{"@type":"SearchAction","target":{"@type":"EntryPoint","urlTemplate":"https:\/\/onemasterdistribution.com\/?s={search_term_string}"},"query-input":{"@type":"PropertyValueSpecification","valueRequired":true,"valueName":"search_term_string"}}],"inLanguage":"ro-RO"},{"@type":"Organization","@id":"https:\/\/onemasterdistribution.com\/#organization","name":"One Master Distribution","alternateName":"OMD","url":"https:\/\/onemasterdistribution.com\/","logo":{"@type":"ImageObject","inLanguage":"ro-RO","@id":"https:\/\/onemasterdistribution.com\/#\/schema\/logo\/image\/","url":"https:\/\/onemasterdistribution.com\/wp-content\/uploads\/2026\/02\/cropped-logo-onemd-png.png","contentUrl":"https:\/\/onemasterdistribution.com\/wp-content\/uploads\/2026\/02\/cropped-logo-onemd-png.png","width":760,"height":116,"caption":"One Master Distribution"},"image":{"@id":"https:\/\/onemasterdistribution.com\/#\/schema\/logo\/image\/"},"sameAs":["https:\/\/ro.linkedin.com\/company\/one-master-distribution"]}]}},"uagb_featured_image_src":{"full":false,"thumbnail":false,"medium":false,"medium_large":false,"large":false,"1536x1536":false,"2048x2048":false,"trp-custom-language-flag":false},"uagb_author_info":{"display_name":"OneMD","author_link":"https:\/\/onemasterdistribution.com\/ro\/author\/admin_site"},"uagb_comment_info":0,"uagb_excerpt":"Get in Touch Important note Brand availability, distribution models and partnership structures are defined per market and per channel.One Master [&hellip;]","_links":{"self":[{"href":"https:\/\/onemasterdistribution.com\/ro\/wp-json\/wp\/v2\/pages\/37","targetHints":{"allow":["GET"]}}],"collection":[{"href":"https:\/\/onemasterdistribution.com\/ro\/wp-json\/wp\/v2\/pages"}],"about":[{"href":"https:\/\/onemasterdistribution.com\/ro\/wp-json\/wp\/v2\/types\/page"}],"author":[{"embeddable":true,"href":"https:\/\/onemasterdistribution.com\/ro\/wp-json\/wp\/v2\/users\/1"}],"replies":[{"embeddable":true,"href":"https:\/\/onemasterdistribution.com\/ro\/wp-json\/wp\/v2\/comments?post=37"}],"version-history":[{"count":84,"href":"https:\/\/onemasterdistribution.com\/ro\/wp-json\/wp\/v2\/pages\/37\/revisions"}],"predecessor-version":[{"id":1769,"href":"https:\/\/onemasterdistribution.com\/ro\/wp-json\/wp\/v2\/pages\/37\/revisions\/1769"}],"wp:attachment":[{"href":"https:\/\/onemasterdistribution.com\/ro\/wp-json\/wp\/v2\/media?parent=37"}],"curies":[{"name":"wp","href":"https:\/\/api.w.org\/{rel}","templated":true}]}}